{"id":880,"date":"2023-10-03T18:52:47","date_gmt":"2023-10-03T18:52:47","guid":{"rendered":"https:\/\/agromedios.com\/new\/?page_id=880"},"modified":"2025-05-26T20:31:02","modified_gmt":"2025-05-26T20:31:02","slug":"acerca-de-nosotros","status":"publish","type":"page","link":"https:\/\/agromedios.com\/new\/acerca-de-nosotros\/","title":{"rendered":"Acerca de nosotros"},"content":{"rendered":"\n<div class=\"wp-block-media-text is-stacked-on-mobile\"><figure class=\"wp-block-media-text__media\"><img fetchpriority=\"high\" decoding=\"async\" width=\"1024\" height=\"861\" src=\"https:\/\/agromedios.com\/new\/wp-content\/uploads\/2025\/05\/Leo-Bolla-Agromedios1-1024x861.jpg\" alt=\"\" class=\"wp-image-11158 size-full\" srcset=\"https:\/\/agromedios.com\/new\/wp-content\/uploads\/2025\/05\/Leo-Bolla-Agromedios1-1024x861.jpg 1024w, https:\/\/agromedios.com\/new\/wp-content\/uploads\/2025\/05\/Leo-Bolla-Agromedios1-300x252.jpg 300w, https:\/\/agromedios.com\/new\/wp-content\/uploads\/2025\/05\/Leo-Bolla-Agromedios1-768x646.jpg 768w, https:\/\/agromedios.com\/new\/wp-content\/uploads\/2025\/05\/Leo-Bolla-Agromedios1.jpg 1121w\" sizes=\"(max-width: 1024px) 100vw, 1024px\" \/><\/figure><div class=\"wp-block-media-text__content\">\n<p style=\"font-size:15px\"><strong>Agromedios<\/strong> es un medio de comunicaci\u00f3n digital especializado en el <strong>sector agropecuario<\/strong> de Uruguay.<\/p>\n\n\n\n<p style=\"font-size:15px\">Fundado en 2020, nuestro objetivo es brindar <strong>informaci\u00f3n de calidad y actualizada<\/strong> a productores, empresarios y profesionales del agro.<\/p>\n\n\n\n<p style=\"font-size:15px\">Contamos con un equipo de periodistas y especialistas con amplia experiencia en el sector, que trabajan para ofrecerte las \u00faltimas noticias, an\u00e1lisis, entrevistas y reportajes sobre el agro uruguayo.<\/p>\n<\/div><\/div>\n\n\n\n<p><\/p>\n\n\n\n<p style=\"font-size:15px\">En Agromedios encontrar\u00e1s informaci\u00f3n sobre todas las \u00e1reas del sector agropecuario, incluyendo:<\/p>\n\n\n\n<p style=\"font-size:15px\"><strong><a href=\"https:\/\/agromedios.com\/new\/category\/ganaderia\/\">Ganader\u00eda<\/a><br><a href=\"https:\/\/agromedios.com\/new\/category\/agricultura\/\">Agricultura<\/a><br><a href=\"https:\/\/agromedios.com\/new\/category\/forestacion\/\">Forestaci\u00f3n<\/a><br><a href=\"https:\/\/agromedios.com\/new\/category\/lecheria\/\">Lecher\u00eda<\/a><br><a href=\"https:\/\/agromedios.com\/new\/category\/clima\/\">Clima<\/a><br><a href=\"https:\/\/agromedios.com\/new\/category\/mercados\/\">Mercados<\/a><\/strong><\/p>\n\n\n\n<p style=\"font-size:15px\"><br>Tambi\u00e9n ofrecemos una variada agenda de eventos relacionados con el agro.<\/p>\n\n\n\n<p><\/p>\n\n\n\n<p class=\"has-text-color has-link-color wp-elements-18b814114d69e8584037c4fec01f3876\" style=\"color:#028126;font-size:17px\"><strong>Nuestro compromiso<\/strong><\/p>\n\n\n\n<p style=\"font-size:15px\">En Agromedios estamos comprometidos con la difusi\u00f3n de <strong>informaci\u00f3n de calidad y actualizada sobre el sector agropecuario<\/strong> de Uruguay. Creemos que el acceso a informaci\u00f3n confiable es esencial para el desarrollo del agro uruguayo.<\/p>\n\n\n\n<p><\/p>\n\n\n\n<p class=\"has-text-color has-link-color wp-elements-7146ac044d8f5ae23cc3cb7fc9b8df5d\" style=\"color:#028126;font-size:17px\"><strong>Nuestras metas<\/strong><\/p>\n\n\n\n<p style=\"font-size:15px\">Nuestra meta es ser el medio de comunicaci\u00f3n digital de referencia para el sector agropecuario de Uruguay. Queremos ser el lugar donde los productores, empresarios y profesionales del agro encuentren la informaci\u00f3n que necesitan para tomar <strong>decisiones informadas<\/strong>.<\/p>\n\n\n\n<p><\/p>\n\n\n\n<p class=\"has-text-color has-link-color wp-elements-320513eb10e99a4dca37dcce53cfa85c\" style=\"color:#028126;font-size:17px\"><strong>Cont\u00e1ctanos<\/strong><\/p>\n\n\n\n<p style=\"font-size:15px\">Si tienes alguna consulta o sugerencia, no dudes en contactarnos <a href=\"http:\/\/agromedios.com\/new\/contacto\" data-type=\"link\" data-id=\"agromedios.com\/new\/contacto\">a trav\u00e9s de este formulario<\/a>. Estamos a tu disposici\u00f3n para ayudarte.<\/p>\n\n\n\n<p style=\"font-size:15px\"><br>\u00a1\u00danete a la comunidad Agromedios, y s\u00edguenos en nuestras redes sociales para estar al d\u00eda de las \u00faltimas noticias del agro uruguayo!<\/p>\n\n\n\n<div class=\"wp-block-essential-blocks-social  root-eb-social-links-61ilg\"><div class=\"eb-parent-wrapper eb-parent-eb-social-links-61ilg \"><div class=\"eb-social-links-61ilg eb-social-links-wrapper\"><ul class=\"eb-socials\"><li><a class=\"facebook-f-original  \" href=\"https:\/\/www.facebook.com\/RadioRural610\" target=\"_self\" rel=\"noopener\" aria-label=\"social link\"><i class=\"hvr-icon eb-social-icon fab fa-facebook-f\"><\/i><\/a><\/li><li><a class=\"x-twitter-original  \" href=\"https:\/\/x.com\/agromedios\" target=\"_self\" rel=\"noopener\" aria-label=\"social link\"><i class=\"hvr-icon eb-social-icon fab fa-x-twitter\"><\/i><\/a><\/li><li><a class=\"instagram-original  \" href=\"https:\/\/www.instagram.com\/agro_medios_srl\/\" target=\"_self\" rel=\"noopener\" aria-label=\"social link\"><i class=\"hvr-icon eb-social-icon fab fa-instagram\"><\/i><\/a><\/li><li><a class=\"youtube-original  \" href=\"https:\/\/www.youtube.com\/channel\/UCAJ4aVy-LyZ3w6gpbKYUf-A\" target=\"_self\" rel=\"noopener\" aria-label=\"social link\"><i class=\"hvr-icon eb-social-icon fab fa-youtube\"><\/i><\/a><\/li><\/ul><\/div><\/div><\/div>\n","protected":false},"excerpt":{"rendered":"<p>Agromedios es un medio de comunicaci\u00f3n digital especializado en el sector agropecuario de Uruguay. Fundado en 2020, nuestro objetivo es brindar informaci\u00f3n de calidad y actualizada a productores, empresarios y profesionales del agro. Contamos con un equipo de periodistas y especialistas con amplia experiencia en el sector, que trabajan para ofrecerte las \u00faltimas noticias, an\u00e1lisis, [&hellip;]<\/p>\n","protected":false},"author":2,"featured_media":11158,"parent":0,"menu_order":0,"comment_status":"closed","ping_status":"closed","template":"","meta":{"_eb_attr":"","ocean_post_layout":"","ocean_both_sidebars_style":"","ocean_both_sidebars_content_width":0,"ocean_both_sidebars_sidebars_width":0,"ocean_sidebar":"","ocean_second_sidebar":"","ocean_disable_margins":"enable","ocean_add_body_class":"","ocean_shortcode_before_top_bar":"","ocean_shortcode_after_top_bar":"","ocean_shortcode_before_header":"","ocean_shortcode_after_header":"","ocean_has_shortcode":"","ocean_shortcode_after_title":"","ocean_shortcode_before_footer_widgets":"","ocean_shortcode_after_footer_widgets":"","ocean_shortcode_before_footer_bottom":"","ocean_shortcode_after_footer_bottom":"","ocean_display_top_bar":"default","ocean_display_header":"default","ocean_header_style":"","ocean_center_header_left_menu":"","ocean_custom_header_template":"","ocean_custom_logo":0,"ocean_custom_retina_logo":0,"ocean_custom_logo_max_width":0,"ocean_custom_logo_tablet_max_width":0,"ocean_custom_logo_mobile_max_width":0,"ocean_custom_logo_max_height":0,"ocean_custom_logo_tablet_max_height":0,"ocean_custom_logo_mobile_max_height":0,"ocean_header_custom_menu":"","ocean_menu_typo_font_family":"","ocean_menu_typo_font_subset":"","ocean_menu_typo_font_size":0,"ocean_menu_typo_font_size_tablet":0,"ocean_menu_typo_font_size_mobile":0,"ocean_menu_typo_font_size_unit":"px","ocean_menu_typo_font_weight":"","ocean_menu_typo_font_weight_tablet":"","ocean_menu_typo_font_weight_mobile":"","ocean_menu_typo_transform":"","ocean_menu_typo_transform_tablet":"","ocean_menu_typo_transform_mobile":"","ocean_menu_typo_line_height":0,"ocean_menu_typo_line_height_tablet":0,"ocean_menu_typo_line_height_mobile":0,"ocean_menu_typo_line_height_unit":"","ocean_menu_typo_spacing":0,"ocean_menu_typo_spacing_tablet":0,"ocean_menu_typo_spacing_mobile":0,"ocean_menu_typo_spacing_unit":"","ocean_menu_link_color":"","ocean_menu_link_color_hover":"","ocean_menu_link_color_active":"","ocean_menu_link_background":"","ocean_menu_link_hover_background":"","ocean_menu_link_active_background":"","ocean_menu_social_links_bg":"","ocean_menu_social_hover_links_bg":"","ocean_menu_social_links_color":"","ocean_menu_social_hover_links_color":"","ocean_disable_title":"enable","ocean_disable_heading":"default","ocean_post_title":"","ocean_post_subheading":"","ocean_post_title_style":"","ocean_post_title_background_color":"","ocean_post_title_background":0,"ocean_post_title_bg_image_position":"","ocean_post_title_bg_image_attachment":"","ocean_post_title_bg_image_repeat":"","ocean_post_title_bg_image_size":"","ocean_post_title_height":0,"ocean_post_title_bg_overlay":0.5,"ocean_post_title_bg_overlay_color":"","ocean_disable_breadcrumbs":"default","ocean_breadcrumbs_color":"","ocean_breadcrumbs_separator_color":"","ocean_breadcrumbs_links_color":"","ocean_breadcrumbs_links_hover_color":"","ocean_display_footer_widgets":"default","ocean_display_footer_bottom":"default","ocean_custom_footer_template":"","footnotes":""},"class_list":["post-880","page","type-page","status-publish","has-post-thumbnail","hentry","entry","has-media"],"_links":{"self":[{"href":"https:\/\/agromedios.com\/new\/wp-json\/wp\/v2\/pages\/880","targetHints":{"allow":["GET"]}}],"collection":[{"href":"https:\/\/agromedios.com\/new\/wp-json\/wp\/v2\/pages"}],"about":[{"href":"https:\/\/agromedios.com\/new\/wp-json\/wp\/v2\/types\/page"}],"author":[{"embeddable":true,"href":"https:\/\/agromedios.com\/new\/wp-json\/wp\/v2\/users\/2"}],"replies":[{"embeddable":true,"href":"https:\/\/agromedios.com\/new\/wp-json\/wp\/v2\/comments?post=880"}],"version-history":[{"count":4,"href":"https:\/\/agromedios.com\/new\/wp-json\/wp\/v2\/pages\/880\/revisions"}],"predecessor-version":[{"id":11159,"href":"https:\/\/agromedios.com\/new\/wp-json\/wp\/v2\/pages\/880\/revisions\/11159"}],"wp:featuredmedia":[{"embeddable":true,"href":"https:\/\/agromedios.com\/new\/wp-json\/wp\/v2\/media\/11158"}],"wp:attachment":[{"href":"https:\/\/agromedios.com\/new\/wp-json\/wp\/v2\/media?parent=880"}],"curies":[{"name":"wp","href":"https:\/\/api.w.org\/{rel}","templated":true}]}}